{"id":46,"date":"2026-03-23T13:43:42","date_gmt":"2026-03-23T13:43:42","guid":{"rendered":"https:\/\/junta2.com\/stopplansolarvinalopo\/?page_id=46"},"modified":"2026-04-15T12:06:47","modified_gmt":"2026-04-15T12:06:47","slug":"el-impacto-del-proyecto-psf-serol-sobre-el-terreno","status":"publish","type":"page","link":"https:\/\/junta2.com\/stopplansolarvinalopo\/","title":{"rendered":"El IMPACTO del proyecto PSF SEROL sobre el terreno"},"content":{"rendered":"\t\t<div data-elementor-type=\"wp-page\" data-elementor-id=\"46\" class=\"elementor elementor-46\">\n\t\t\t\t<div class=\"elementor-element elementor-element-d09bd0d e-flex e-con-boxed e-con e-parent\" data-id=\"d09bd0d\" data-element_type=\"container\" data-e-type=\"container\" data-settings=\"{&quot;background_background&quot;:&quot;video&quot;,&quot;background_video_link&quot;:&quot;https:\\\/\\\/www.youtube.com\\\/watch?v=dynvCHhAIRY&quot;,&quot;background_video_start&quot;:0}\">\n\t\t\t\t\t<div class=\"e-con-inner\">\n\t\t<div class=\"elementor-background-video-container elementor-hidden-mobile\">\n\t\t\t\t\t\t\t<div class=\"elementor-background-video-embed\" role=\"presentation\"><\/div>\n\t\t\t\t\t\t<\/div>\t\t<div class=\"elementor-element elementor-element-73ac9d7 elementor-widget elementor-widget-html\" data-id=\"73ac9d7\" data-element_type=\"widget\" data-e-type=\"widget\" data-widget_type=\"html.default\">\n\t\t\t\t\t<iframe width=\"560\" height=\"315\" src=\"https:\/\/www.youtube.com\/embed\/dynvCHhAIRY?si=1CFRB3hOmmxr4fYY\" title=\"YouTube video player\" frameborder=\"0\" allow=\"accelerometer; autoplay; clipboard-write; encrypted-media; gyroscope; picture-in-picture; web-share\" referrerpolicy=\"strict-origin-when-cross-origin\" allowfullscreen><\/iframe>\t\t\t\t<\/div>\n\t\t\t\t<div class=\"elementor-element elementor-element-7128f0b elementor-grid-3 e-grid-align-left elementor-absolute elementor-shape-circle e-grid-align-mobile-right elementor-widget elementor-widget-social-icons\" data-id=\"7128f0b\" data-element_type=\"widget\" data-e-type=\"widget\" data-settings=\"{&quot;_position&quot;:&quot;absolute&quot;}\" data-widget_type=\"social-icons.default\">\n\t\t\t\t\t\t\t<div class=\"elementor-social-icons-wrapper elementor-grid\" role=\"list\">\n\t\t\t\t\t\t\t<span class=\"elementor-grid-item\" role=\"listitem\">\n\t\t\t\t\t<a class=\"elementor-icon elementor-social-icon elementor-social-icon-facebook elementor-animation-push elementor-repeater-item-fb98ba2\" href=\"https:\/\/www.facebook.com\/stopplansolarvinalopo\" target=\"_blank\">\n\t\t\t\t\t\t<span class=\"elementor-screen-only\">Facebook<\/span>\n\t\t\t\t\t\t<svg aria-hidden=\"true\" class=\"e-font-icon-svg e-fab-facebook\" viewBox=\"0 0 512 512\" xmlns=\"http:\/\/www.w3.org\/2000\/svg\"><path d=\"M504 256C504 119 393 8 256 8S8 119 8 256c0 123.78 90.69 226.38 209.25 245V327.69h-63V256h63v-54.64c0-62.15 37-96.48 93.67-96.48 27.14 0 55.52 4.84 55.52 4.84v61h-31.28c-30.8 0-40.41 19.12-40.41 38.73V256h68.78l-11 71.69h-57.78V501C413.31 482.38 504 379.78 504 256z\"><\/path><\/svg>\t\t\t\t\t<\/a>\n\t\t\t\t<\/span>\n\t\t\t\t\t\t\t<span class=\"elementor-grid-item\" role=\"listitem\">\n\t\t\t\t\t<a class=\"elementor-icon elementor-social-icon elementor-social-icon-instagram elementor-animation-push elementor-repeater-item-38dc6f5\" href=\"https:\/\/www.instagram.com\/stopplansolarvinalopo\/\" target=\"_blank\">\n\t\t\t\t\t\t<span class=\"elementor-screen-only\">Instagram<\/span>\n\t\t\t\t\t\t<svg aria-hidden=\"true\" class=\"e-font-icon-svg e-fab-instagram\" viewBox=\"0 0 448 512\" xmlns=\"http:\/\/www.w3.org\/2000\/svg\"><path d=\"M224.1 141c-63.6 0-114.9 51.3-114.9 114.9s51.3 114.9 114.9 114.9S339 319.5 339 255.9 287.7 141 224.1 141zm0 189.6c-41.1 0-74.7-33.5-74.7-74.7s33.5-74.7 74.7-74.7 74.7 33.5 74.7 74.7-33.6 74.7-74.7 74.7zm146.4-194.3c0 14.9-12 26.8-26.8 26.8-14.9 0-26.8-12-26.8-26.8s12-26.8 26.8-26.8 26.8 12 26.8 26.8zm76.1 27.2c-1.7-35.9-9.9-67.7-36.2-93.9-26.2-26.2-58-34.4-93.9-36.2-37-2.1-147.9-2.1-184.9 0-35.8 1.7-67.6 9.9-93.9 36.1s-34.4 58-36.2 93.9c-2.1 37-2.1 147.9 0 184.9 1.7 35.9 9.9 67.7 36.2 93.9s58 34.4 93.9 36.2c37 2.1 147.9 2.1 184.9 0 35.9-1.7 67.7-9.9 93.9-36.2 26.2-26.2 34.4-58 36.2-93.9 2.1-37 2.1-147.8 0-184.8zM398.8 388c-7.8 19.6-22.9 34.7-42.6 42.6-29.5 11.7-99.5 9-132.1 9s-102.7 2.6-132.1-9c-19.6-7.8-34.7-22.9-42.6-42.6-11.7-29.5-9-99.5-9-132.1s-2.6-102.7 9-132.1c7.8-19.6 22.9-34.7 42.6-42.6 29.5-11.7 99.5-9 132.1-9s102.7-2.6 132.1 9c19.6 7.8 34.7 22.9 42.6 42.6 11.7 29.5 9 99.5 9 132.1s2.7 102.7-9 132.1z\"><\/path><\/svg>\t\t\t\t\t<\/a>\n\t\t\t\t<\/span>\n\t\t\t\t\t<\/div>\n\t\t\t\t\t\t<\/div>\n\t\t\t\t\t<\/div>\n\t\t\t\t<\/div>\n\t\t<div class=\"elementor-element elementor-element-3d5f3e4 e-flex e-con-boxed e-con e-parent\" data-id=\"3d5f3e4\" data-element_type=\"container\" data-e-type=\"container\">\n\t\t\t\t\t<div class=\"e-con-inner\">\n\t\t\t\t<div class=\"elementor-element elementor-element-a65319c elementor-absolute elementor-hidden-tablet elementor-hidden-mobile elementor-widget elementor-widget-html\" data-id=\"a65319c\" data-element_type=\"widget\" data-e-type=\"widget\" data-settings=\"{&quot;_position&quot;:&quot;absolute&quot;}\" data-widget_type=\"html.default\">\n\t\t\t\t\t<style>\r\n.menu {\r\n  background-color: #6B7365;\r\n  display: flex;\r\n  justify-content: center;\r\n  font-family: Arial, sans-serif;\r\n}\r\n\r\n.menu ul {\r\n  list-style: none;\r\n  margin: 0;\r\n  padding: 0;\r\n  display: flex;\r\n}\r\n\r\n.menu ul li {\r\n  position: relative;\r\n}\r\n\r\n.menu ul li a {\r\n  display: block;\r\n  padding: 15px 22px;\r\n  color: #F2F2F2;\r\n  text-decoration: none;\r\n  font-weight: 500;\r\n  position: relative;\r\n  transition: all 0.3s ease;\r\n}\r\n\r\n\/* Hover *\/\r\n.menu ul li a:hover {\r\n  color: #F2CB57;\r\n}\r\n\r\n\/* L\u00ednea animada *\/\r\n.menu ul li a::after {\r\n  content: \"\";\r\n  position: absolute;\r\n  bottom: 6px;\r\n  left: 20%;\r\n  width: 0%;\r\n  height: 2px;\r\n  background-color: #F2CB57;\r\n  transition: 0.3s;\r\n}\r\n\r\n.menu ul li a:hover::after {\r\n  width: 60%;\r\n}\r\n\r\n\/* ACTIVO *\/\r\n.menu a.active {\r\n  color: #F2CB57;\r\n}\r\n\r\n.menu a.active::after {\r\n  width: 60%;\r\n}\r\n\r\n\/* SUBMEN\u00da *\/\r\n.menu ul li ul {\r\n  display: none;\r\n  position: absolute;\r\n  top: 100%;\r\n  left: 0;\r\n  background-color: #6B7365;\r\n  border-radius: 8px;\r\n  min-width: 220px;\r\n  padding: 8px 0;\r\n}\r\n\r\n.menu ul li ul li a {\r\n  padding: 12px 18px;\r\n}\r\n\r\n.menu ul li ul li a:hover {\r\n  background-color: #F2CB57;\r\n  color: #000;\r\n}\r\n\r\n\/* Mostrar dropdown *\/\r\n.menu ul li:hover ul {\r\n  display: block;\r\n}\r\n<\/style>\r\n\r\n<nav class=\"menu\">\r\n  <ul>\r\n    <li><a href=\"https:\/\/junta2.com\/stopplansolarvinalopo\/\">Inicio<\/a><\/li>\r\n    <li><a href=\"https:\/\/junta2.com\/stopplansolarvinalopo\/presentacion\">Presentaci\u00f3n<\/a><\/li>\r\n    <li><a href=\"https:\/\/junta2.com\/stopplansolarvinalopo\/crowdfunding\">Crowdfunding<\/a><\/li>\r\n    <li><a href=\"https:\/\/junta2.com\/stopplansolarvinalopo\/proyectos\">Proyectos<\/a><\/li>\r\n\r\n    <li>\r\n      <a href=\"#\">Acciones \u25bc<\/a>\r\n      <ul>\r\n        <li><a href=\"https:\/\/junta2.com\/stopplansolarvinalopo\/manifestaciones\">Manifestaciones<\/a><\/li>\r\n        <li><a href=\"https:\/\/junta2.com\/stopplansolarvinalopo\/concienciacion\">Concienciaci\u00f3n<\/a><\/li>\r\n      <\/ul>\r\n    <\/li>\r\n\r\n    <li><a href=\"https:\/\/junta2.com\/stopplansolarvinalopo\/contacto\">Contacto<\/a><\/li>\r\n  <\/ul>\r\n<\/nav>\r\n\r\n<script>\r\n\/* \ud83d\udd25 MARCAR P\u00c1GINA ACTIVA AUTOM\u00c1TICAMENTE *\/\r\nconst links = document.querySelectorAll('.menu a');\r\nconst currentURL = window.location.href.replace(\/\\\/$\/, \"\");\r\n\r\nlinks.forEach(link => {\r\n  let linkURL = link.href.replace(\/\\\/$\/, \"\");\r\n  \r\n  if (currentURL === linkURL) {\r\n    link.classList.add('active');\r\n  }\r\n});\r\n<\/script>\t\t\t\t<\/div>\n\t\t\t\t<div class=\"elementor-element elementor-element-38cafe2 elementor-absolute elementor-hidden-desktop elementor-widget elementor-widget-maxmegamenu\" data-id=\"38cafe2\" data-element_type=\"widget\" data-e-type=\"widget\" data-settings=\"{&quot;_position&quot;:&quot;absolute&quot;}\" data-widget_type=\"maxmegamenu.default\">\n\t\t\t\t<div class=\"elementor-widget-container\">\n\t\t\t\t\t<div id=\"mega-menu-wrap-primary\" class=\"mega-menu-wrap\"><div class=\"mega-menu-toggle\"><div class=\"mega-toggle-blocks-left\"><\/div><div class=\"mega-toggle-blocks-center\"><\/div><div class=\"mega-toggle-blocks-right\"><div class='mega-toggle-block mega-menu-toggle-animated-block mega-toggle-block-0' id='mega-toggle-block-0'><button aria-label=\"Toggle Menu\" class=\"mega-toggle-animated mega-toggle-animated-slider\" type=\"button\" aria-haspopup=\"true\" aria-expanded=\"false\" aria-controls=\"mega-menu-primary\">\n                  <span class=\"mega-toggle-animated-box\">\n                    <span class=\"mega-toggle-animated-inner\"><\/span>\n                  <\/span>\n                <\/button><\/div><\/div><\/div><ul id=\"mega-menu-primary\" class=\"mega-menu max-mega-menu mega-menu-horizontal mega-no-js\" data-event=\"click\" data-effect=\"slide\" data-effect-speed=\"200\" data-effect-mobile=\"slide_right\" data-effect-speed-mobile=\"200\" data-mobile-force-width=\"false\" data-second-click=\"go\" data-document-click=\"collapse\" data-vertical-behaviour=\"standard\" data-breakpoint=\"768\" data-unbind=\"true\" data-mobile-state=\"collapse_all\" data-mobile-direction=\"vertical\" data-hover-intent-timeout=\"300\" data-hover-intent-interval=\"100\"><li class=\"mega-menu-item mega-menu-item-type-custom mega-menu-item-object-custom mega-menu-item-home mega-align-bottom-left mega-menu-flyout mega-menu-item-100\" id=\"mega-menu-item-100\"><a class=\"mega-menu-link\" href=\"https:\/\/junta2.com\/stopplansolarvinalopo\/\">Inicio<\/a><\/li><li class=\"mega-menu-item mega-menu-item-type-post_type mega-menu-item-object-page mega-align-bottom-left mega-menu-flyout mega-menu-item-285\" id=\"mega-menu-item-285\"><a class=\"mega-menu-link\" href=\"https:\/\/junta2.com\/stopplansolarvinalopo\/presentacion\/\">Presentaci\u00f3n<\/a><\/li><li class=\"mega-menu-item mega-menu-item-type-post_type mega-menu-item-object-page mega-align-bottom-left mega-menu-flyout mega-menu-item-360\" id=\"mega-menu-item-360\"><a class=\"mega-menu-link\" href=\"https:\/\/junta2.com\/stopplansolarvinalopo\/crowdfunding\/\">Crowdfunding<\/a><\/li><li class=\"mega-menu-item mega-menu-item-type-post_type mega-menu-item-object-page mega-current_page_parent mega-align-bottom-left mega-menu-flyout mega-menu-item-269\" id=\"mega-menu-item-269\"><a class=\"mega-menu-link\" href=\"https:\/\/junta2.com\/stopplansolarvinalopo\/proyectos\/\">Proyectos<\/a><\/li><li class=\"mega-menu-item mega-menu-item-type-post_type mega-menu-item-object-page mega-menu-item-has-children mega-align-bottom-left mega-menu-flyout mega-menu-item-284\" id=\"mega-menu-item-284\"><a class=\"mega-menu-link\" href=\"https:\/\/junta2.com\/stopplansolarvinalopo\/acciones\/\" aria-expanded=\"false\" aria-controls=\"mega-sub-menu-284\">Acciones<span class=\"mega-indicator\" aria-hidden=\"true\"><\/span><\/a>\n<ul class=\"mega-sub-menu\" id='mega-sub-menu-284'>\n<li class=\"mega-menu-item mega-menu-item-type-post_type mega-menu-item-object-page mega-menu-item-366\" id=\"mega-menu-item-366\"><a class=\"mega-menu-link\" href=\"https:\/\/junta2.com\/stopplansolarvinalopo\/manifestaciones\/\">Manifestaciones<\/a><\/li><li class=\"mega-menu-item mega-menu-item-type-post_type mega-menu-item-object-page mega-menu-item-365\" id=\"mega-menu-item-365\"><a class=\"mega-menu-link\" href=\"https:\/\/junta2.com\/stopplansolarvinalopo\/concienciacion\/\">Concienciaci\u00f3n<\/a><\/li><\/ul>\n<\/li><li class=\"mega-menu-item mega-menu-item-type-post_type mega-menu-item-object-page mega-align-bottom-left mega-menu-flyout mega-menu-item-268\" id=\"mega-menu-item-268\"><a class=\"mega-menu-link\" href=\"https:\/\/junta2.com\/stopplansolarvinalopo\/contacto\/\">Contacto<\/a><\/li><\/ul><button aria-controls=\"mega-menu-primary\" aria-label=\"Close\" class='mega-close'><\/button><\/div>\t\t\t\t<\/div>\n\t\t\t\t<\/div>\n\t\t\t\t<div class=\"elementor-element elementor-element-e744efe elementor-widget elementor-widget-text-editor\" data-id=\"e744efe\" data-element_type=\"widget\" data-e-type=\"widget\" data-widget_type=\"text-editor.default\">\n\t\t\t\t\t\t\t\t\t<p><span style=\"font-size: 15.4px;\">Lorem ipsum dolor sit amet consectetur adipiscing elit. Quisque faucibus ex sapien vitae pellentesque sem placerat. In id cursus mi pretium tellus duis convallis. Tempus leo eu aenean sed diam urna tempor. Pulvinar vivamus fringilla lacus nec metus bibendum egestas. Iaculis massa nisl malesuada lacinia integer nunc posuere. Ut hendrerit semper vel class aptent taciti sociosqu. Ad litora torquent per conubia nostra inceptos himenaeos.<\/span><\/p><p><span style=\"font-size: 15.4px;\">\u00a0<\/span><\/p><p><span style=\"font-size: 15.4px;\">Lorem ipsum dolor sit amet consectetur adipiscing elit. Quisque faucibus ex sapien vitae pellentesque sem placerat. In id cursus mi pretium tellus duis convallis. Tempus leo eu aenean sed diam urna tempor. Pulvinar vivamus fringilla lacus nec metus bibendum egestas. Iaculis massa nisl malesuada lacinia integer nunc posuere. Ut hendrerit semper vel class aptent taciti sociosqu. Ad litora torquent per conubia nostra inceptos himenaeos.<\/span><\/p><p><span style=\"font-size: 15.4px;\">\u00a0<\/span><\/p><p><span style=\"font-size: 15.4px;\">Lorem ipsum dolor sit amet consectetur adipiscing elit. Quisque faucibus ex sapien vitae pellentesque sem placerat. In id cursus mi pretium tellus duis convallis. Tempus leo eu aenean sed diam urna tempor. Pulvinar vivamus fringilla lacus nec metus bibendum egestas. Iaculis massa nisl malesuada lacinia integer nunc posuere. Ut hendrerit semper vel class aptent taciti sociosqu. Ad litora torquent per conubia nostra inceptos himenaeos.<\/span><\/p><p><span style=\"font-size: 15.4px;\">\u00a0<\/span><\/p><p><span style=\"font-size: 15.4px;\">Lorem ipsum dolor sit amet consectetur adipiscing elit. Quisque faucibus ex sapien vitae pellentesque sem placerat. In id cursus mi pretium tellus duis convallis. Tempus leo eu aenean sed diam urna tempor. Pulvinar vivamus fringilla lacus nec metus bibendum egestas. Iaculis massa nisl malesuada lacinia integer nunc posuere. Ut hendrerit semper vel class aptent taciti sociosqu. Ad litora torquent per conubia nostra inceptos himenaeos.<\/span><\/p>\t\t\t\t\t\t\t\t<\/div>\n\t\t\t\t\t<\/div>\n\t\t\t\t<\/div>\n\t\t<div class=\"elementor-element elementor-element-dda5e9e e-con-full e-flex e-con e-parent\" data-id=\"dda5e9e\" data-element_type=\"container\" data-e-type=\"container\">\n\t\t<div class=\"elementor-element elementor-element-26341d9 e-grid e-con-full e-con e-child\" data-id=\"26341d9\" data-element_type=\"container\" data-e-type=\"container\" data-settings=\"{&quot;background_background&quot;:&quot;classic&quot;}\">\n\t\t\t\t<div class=\"elementor-element elementor-element-5bc1be5 elementor-widget elementor-widget-text-editor\" data-id=\"5bc1be5\" data-element_type=\"widget\" data-e-type=\"widget\" data-widget_type=\"text-editor.default\">\n\t\t\t\t\t\t\t\t\t<p>Lorem ipsum dolor sit amet consectetur adipiscing elit. Quisque faucibus ex sapien vitae pellentesque sem placerat. In id cursus mi pretium tellus duis convallis. Tempus leo eu aenean sed diam urna tempor. Pulvinar vivamus fringilla lacus nec metus bibendum egestas. Iaculis massa nisl malesuada lacinia integer nunc posuere. Ut hendrerit semper vel class aptent taciti sociosqu. Ad litora torquent per conubia nostra inceptos himenaeos.<\/p>\t\t\t\t\t\t\t\t<\/div>\n\t\t\t\t<div class=\"elementor-element elementor-element-189c59c elementor-absolute elementor-widget elementor-widget-image\" data-id=\"189c59c\" data-element_type=\"widget\" data-e-type=\"widget\" data-settings=\"{&quot;_position&quot;:&quot;absolute&quot;}\" data-widget_type=\"image.default\">\n\t\t\t\t\t\t\t\t\t\t\t\t<figure class=\"wp-caption\">\n\t\t\t\t\t\t\t\t\t\t<img decoding=\"async\" src=\"https:\/\/junta2.com\/wp-content\/uploads\/elementor\/thumbs\/logo-7-rkxtae03ioo4wqmp852qhswnkjhjlhn6pve02ku8yw.png\" title=\"logo\" alt=\"logo\" loading=\"lazy\" \/>\t\t\t\t\t\t\t\t\t\t\t<figcaption class=\"widget-image-caption wp-caption-text\"><\/figcaption>\n\t\t\t\t\t\t\t\t\t\t<\/figure>\n\t\t\t\t\t\t\t\t\t<\/div>\n\t\t\t\t<div class=\"elementor-element elementor-element-bb02dc0 elementor-absolute elementor-widget-tablet__width-initial elementor-widget elementor-widget-text-editor\" data-id=\"bb02dc0\" data-element_type=\"widget\" data-e-type=\"widget\" data-settings=\"{&quot;_position&quot;:&quot;absolute&quot;}\" data-widget_type=\"text-editor.default\">\n\t\t\t\t\t\t\t\t\t<p>email:stopplansolarvinalopo@gmail.com<\/p>\t\t\t\t\t\t\t\t<\/div>\n\t\t\t\t<div class=\"elementor-element elementor-element-9ec9041 elementor-shape-circle elementor-grid-mobile-3 e-grid-align-mobile-center elementor-absolute elementor-grid-0 e-grid-align-center elementor-widget elementor-widget-social-icons\" data-id=\"9ec9041\" data-element_type=\"widget\" data-e-type=\"widget\" data-settings=\"{&quot;_position&quot;:&quot;absolute&quot;}\" data-widget_type=\"social-icons.default\">\n\t\t\t\t\t\t\t<div class=\"elementor-social-icons-wrapper elementor-grid\" role=\"list\">\n\t\t\t\t\t\t\t<span class=\"elementor-grid-item\" role=\"listitem\">\n\t\t\t\t\t<a class=\"elementor-icon elementor-social-icon elementor-social-icon-facebook elementor-animation-grow elementor-repeater-item-2b95e06\" href=\"https:\/\/www.facebook.com\/stopplansolarvinalopo\" target=\"_blank\">\n\t\t\t\t\t\t<span class=\"elementor-screen-only\">Facebook<\/span>\n\t\t\t\t\t\t<svg aria-hidden=\"true\" class=\"e-font-icon-svg e-fab-facebook\" viewBox=\"0 0 512 512\" xmlns=\"http:\/\/www.w3.org\/2000\/svg\"><path d=\"M504 256C504 119 393 8 256 8S8 119 8 256c0 123.78 90.69 226.38 209.25 245V327.69h-63V256h63v-54.64c0-62.15 37-96.48 93.67-96.48 27.14 0 55.52 4.84 55.52 4.84v61h-31.28c-30.8 0-40.41 19.12-40.41 38.73V256h68.78l-11 71.69h-57.78V501C413.31 482.38 504 379.78 504 256z\"><\/path><\/svg>\t\t\t\t\t<\/a>\n\t\t\t\t<\/span>\n\t\t\t\t\t\t\t<span class=\"elementor-grid-item\" role=\"listitem\">\n\t\t\t\t\t<a class=\"elementor-icon elementor-social-icon elementor-social-icon-instagram elementor-animation-grow elementor-repeater-item-3e37705\" href=\"https:\/\/www.instagram.com\/stopplansolarvinalopo\/\" target=\"_blank\">\n\t\t\t\t\t\t<span class=\"elementor-screen-only\">Instagram<\/span>\n\t\t\t\t\t\t<svg aria-hidden=\"true\" class=\"e-font-icon-svg e-fab-instagram\" viewBox=\"0 0 448 512\" xmlns=\"http:\/\/www.w3.org\/2000\/svg\"><path d=\"M224.1 141c-63.6 0-114.9 51.3-114.9 114.9s51.3 114.9 114.9 114.9S339 319.5 339 255.9 287.7 141 224.1 141zm0 189.6c-41.1 0-74.7-33.5-74.7-74.7s33.5-74.7 74.7-74.7 74.7 33.5 74.7 74.7-33.6 74.7-74.7 74.7zm146.4-194.3c0 14.9-12 26.8-26.8 26.8-14.9 0-26.8-12-26.8-26.8s12-26.8 26.8-26.8 26.8 12 26.8 26.8zm76.1 27.2c-1.7-35.9-9.9-67.7-36.2-93.9-26.2-26.2-58-34.4-93.9-36.2-37-2.1-147.9-2.1-184.9 0-35.8 1.7-67.6 9.9-93.9 36.1s-34.4 58-36.2 93.9c-2.1 37-2.1 147.9 0 184.9 1.7 35.9 9.9 67.7 36.2 93.9s58 34.4 93.9 36.2c37 2.1 147.9 2.1 184.9 0 35.9-1.7 67.7-9.9 93.9-36.2 26.2-26.2 34.4-58 36.2-93.9 2.1-37 2.1-147.8 0-184.8zM398.8 388c-7.8 19.6-22.9 34.7-42.6 42.6-29.5 11.7-99.5 9-132.1 9s-102.7 2.6-132.1-9c-19.6-7.8-34.7-22.9-42.6-42.6-11.7-29.5-9-99.5-9-132.1s-2.6-102.7 9-132.1c7.8-19.6 22.9-34.7 42.6-42.6 29.5-11.7 99.5-9 132.1-9s102.7-2.6 132.1 9c19.6 7.8 34.7 22.9 42.6 42.6 11.7 29.5 9 99.5 9 132.1s2.7 102.7-9 132.1z\"><\/path><\/svg>\t\t\t\t\t<\/a>\n\t\t\t\t<\/span>\n\t\t\t\t\t\t\t<span class=\"elementor-grid-item\" role=\"listitem\">\n\t\t\t\t\t<a class=\"elementor-icon elementor-social-icon elementor-social-icon-link elementor-animation-grow elementor-repeater-item-0b09287\" href=\"http:\/\/lnk.bio\/stopplansolarvinalopo\" target=\"_blank\">\n\t\t\t\t\t\t<span class=\"elementor-screen-only\">Link<\/span>\n\t\t\t\t\t\t<svg aria-hidden=\"true\" class=\"e-font-icon-svg e-fas-link\" viewBox=\"0 0 512 512\" xmlns=\"http:\/\/www.w3.org\/2000\/svg\"><path d=\"M326.612 185.391c59.747 59.809 58.927 155.698.36 214.59-.11.12-.24.25-.36.37l-67.2 67.2c-59.27 59.27-155.699 59.262-214.96 0-59.27-59.26-59.27-155.7 0-214.96l37.106-37.106c9.84-9.84 26.786-3.3 27.294 10.606.648 17.722 3.826 35.527 9.69 52.721 1.986 5.822.567 12.262-3.783 16.612l-13.087 13.087c-28.026 28.026-28.905 73.66-1.155 101.96 28.024 28.579 74.086 28.749 102.325.51l67.2-67.19c28.191-28.191 28.073-73.757 0-101.83-3.701-3.694-7.429-6.564-10.341-8.569a16.037 16.037 0 0 1-6.947-12.606c-.396-10.567 3.348-21.456 11.698-29.806l21.054-21.055c5.521-5.521 14.182-6.199 20.584-1.731a152.482 152.482 0 0 1 20.522 17.197zM467.547 44.449c-59.261-59.262-155.69-59.27-214.96 0l-67.2 67.2c-.12.12-.25.25-.36.37-58.566 58.892-59.387 154.781.36 214.59a152.454 152.454 0 0 0 20.521 17.196c6.402 4.468 15.064 3.789 20.584-1.731l21.054-21.055c8.35-8.35 12.094-19.239 11.698-29.806a16.037 16.037 0 0 0-6.947-12.606c-2.912-2.005-6.64-4.875-10.341-8.569-28.073-28.073-28.191-73.639 0-101.83l67.2-67.19c28.239-28.239 74.3-28.069 102.325.51 27.75 28.3 26.872 73.934-1.155 101.96l-13.087 13.087c-4.35 4.35-5.769 10.79-3.783 16.612 5.864 17.194 9.042 34.999 9.69 52.721.509 13.906 17.454 20.446 27.294 10.606l37.106-37.106c59.271-59.259 59.271-155.699.001-214.959z\"><\/path><\/svg>\t\t\t\t\t<\/a>\n\t\t\t\t<\/span>\n\t\t\t\t\t<\/div>\n\t\t\t\t\t\t<\/div>\n\t\t\t\t<div class=\"elementor-element elementor-element-376b0cd elementor-absolute elementor-widget elementor-widget-text-editor\" data-id=\"376b0cd\" data-element_type=\"widget\" data-e-type=\"widget\" data-settings=\"{&quot;_position&quot;:&quot;absolute&quot;}\" data-widget_type=\"text-editor.default\">\n\t\t\t\t\t\t\t\t\t<p>\u00a9 2024 Stopplansolarvinalopo<\/p>\t\t\t\t\t\t\t\t<\/div>\n\t\t\t\t<\/div>\n\t\t\t\t<\/div>\n\t\t\t\t<\/div>\n\t\t","protected":false},"excerpt":{"rendered":"<p>Facebook Instagram Inicio Presentaci\u00f3n Crowdfunding Proyectos Acciones \u25bc Manifestaciones Concienciaci\u00f3n Contacto Inicio Presentaci\u00f3n Crowdfunding Proyectos Acciones Manifestaciones Concienciaci\u00f3n Contacto Lorem ipsum dolor<\/p>\n<p class=\"link-more\"><a class=\"myButt \" href=\"https:\/\/junta2.com\/stopplansolarvinalopo\/\">Leer m\u00e1s<\/a><\/p>\n","protected":false},"author":4,"featured_media":0,"parent":0,"menu_order":0,"comment_status":"closed","ping_status":"closed","template":"","meta":{"footnotes":""},"class_list":["post-46","page","type-page","status-publish","hentry"],"_links":{"self":[{"href":"https:\/\/junta2.com\/stopplansolarvinalopo\/wp-json\/wp\/v2\/pages\/46","targetHints":{"allow":["GET"]}}],"collection":[{"href":"https:\/\/junta2.com\/stopplansolarvinalopo\/wp-json\/wp\/v2\/pages"}],"about":[{"href":"https:\/\/junta2.com\/stopplansolarvinalopo\/wp-json\/wp\/v2\/types\/page"}],"author":[{"embeddable":true,"href":"https:\/\/junta2.com\/stopplansolarvinalopo\/wp-json\/wp\/v2\/users\/4"}],"replies":[{"embeddable":true,"href":"https:\/\/junta2.com\/stopplansolarvinalopo\/wp-json\/wp\/v2\/comments?post=46"}],"version-history":[{"count":212,"href":"https:\/\/junta2.com\/stopplansolarvinalopo\/wp-json\/wp\/v2\/pages\/46\/revisions"}],"predecessor-version":[{"id":1104,"href":"https:\/\/junta2.com\/stopplansolarvinalopo\/wp-json\/wp\/v2\/pages\/46\/revisions\/1104"}],"wp:attachment":[{"href":"https:\/\/junta2.com\/stopplansolarvinalopo\/wp-json\/wp\/v2\/media?parent=46"}],"curies":[{"name":"wp","href":"https:\/\/api.w.org\/{rel}","templated":true}]}}